{"id":2957,"date":"2014-01-05T03:38:42","date_gmt":"2014-01-05T03:38:42","guid":{"rendered":"http:\/\/totaltheme.wpengine.com\/base\/?page_id=2957"},"modified":"2019-08-05T11:39:06","modified_gmt":"2019-08-05T11:39:06","slug":"homepage-10","status":"publish","type":"page","link":"http:\/\/armazemdomercado.com\/","title":{"rendered":"Homepage 10"},"content":{"rendered":"\n<div class=\"vc_row wpb_row\" style=\"margin-top:45px;\">\n    <div class=\"clr vc_row-fluid\" style=\"border-style:solid;\">\n                    \n\t<div class=\"vc_col-sm-12 wpb_column clr column_container  \">\n\t\t\t\n\t<div class=\"wpb_text_column wpb_content_element \">\n\t\t<div class=\"wpb_wrapper\">\n\t\t\t<p style=\"text-align: center;\"><span style=\"font-size: 24px;\">1400M | 5 P\u00f3los | 25 Espa\u00e7os | Lojas e Restaura\u00e7\u00e3o | Pra\u00e7a<\/span><br \/>\n\u201c<span style=\"color: #808080;\">FUS\u00c3O ENTRE O TRADICIONAL E O CONTEMPOR\u00c2NEO um lugar para experienciar sabores, cultura urbana e mem\u00f3rias de inf\u00e2ncia.\u201d Um \u00fanico espa\u00e7o que permite usufruir de v\u00e1rias \u201clojas de rua\u201d inovadoras e distintas. Os espa\u00e7os de lojas s\u00e3o flex\u00edveis pelo que haver\u00e1 oportunidade de surgir neg\u00f3cios pop-up e mais sazonais.<\/span><\/p>\n\n\t\t<\/div> \n\t<\/div> \n\t<\/div> \n                                                    <\/div><!-- .clr vc_row-fluid -->\n    <\/div><!-- .vc_row wpb_row -->\n\n\n<div class=\"vc_row wpb_row\" style=\"margin-top:50px;margin-bottom:20px;\">\n    <div class=\"clr vc_row-fluid\" style=\"border-style:solid;\">\n                    \n\t<div class=\"vc_col-sm-12 wpb_column clr column_container  \">\n\t\t\t\n    <div class=\"vc_text_separator wpb_content_element separator_align_left vc_text_separator_four\"  style=\"font-size: 16px;margin-bottom: 20px;\">\n        <span class=\"vc_text_separator_inner\" >As nossas Lojas<\/span>\n    <\/div>\n\n\n\t<\/div> \n                                                    <\/div><!-- .clr vc_row-fluid -->\n    <\/div><!-- .vc_row wpb_row -->\n\n\n<div class=\"vc_row wpb_row\">\n    <div class=\"clr vc_row-fluid\">\n                    \n\t<div class=\"vc_col-sm-12 wpb_column clr column_container  \">\n\t\t\t\n        \n        <div class=\"vcex-image-grid wpex-row clr grid-style-default\">\n            \n            \n                <div class=\"id-4421 vcex-image-grid-entry span_1_of_4 col col-1\">\n\n                    <figure class=\"vcex-image-grid-entry-img\">\n\n                        \n                            \n                                 <img src=\"http:\/\/armazemdomercado.com\/wp-content\/uploads\/2014\/01\/RESTOCKLogo.jpg\" width=\"1181\" height=\"687\" alt=\"Play\" \/>\n                            \n                        \n                        \n                    <\/figure>\n\n                <\/div><!--. vcex-image-grid-entry -->\n                \n                \n                <div class=\"id-4441 vcex-image-grid-entry span_1_of_4 col col-2\">\n\n                    <figure class=\"vcex-image-grid-entry-img\">\n\n                        \n                            \n                                 <img src=\"http:\/\/armazemdomercado.com\/wp-content\/uploads\/2014\/01\/AEXPLICAbx.png\" width=\"256\" height=\"127\" alt=\"AEXPLICAbx\" \/>\n                            \n                        \n                        \n                    <\/figure>\n\n                <\/div><!--. vcex-image-grid-entry -->\n                \n                \n                <div class=\"id-4442 vcex-image-grid-entry span_1_of_4 col col-3\">\n\n                    <figure class=\"vcex-image-grid-entry-img\">\n\n                        \n                            \n                                 <img src=\"http:\/\/armazemdomercado.com\/wp-content\/uploads\/2014\/01\/Logo_red.jpg\" width=\"2481\" height=\"3508\" alt=\"Logo Red\" \/>\n                            \n                        \n                        \n                    <\/figure>\n\n                <\/div><!--. vcex-image-grid-entry -->\n                \n                \n                <div class=\"id-4443 vcex-image-grid-entry span_1_of_4 col col-4\">\n\n                    <figure class=\"vcex-image-grid-entry-img\">\n\n                        \n                            \n                                 <img src=\"http:\/\/armazemdomercado.com\/wp-content\/uploads\/2014\/01\/Snug.jpg\" width=\"847\" height=\"847\" alt=\"Snug\" \/>\n                            \n                        \n                        \n                    <\/figure>\n\n                <\/div><!--. vcex-image-grid-entry -->\n                \n                \n                <div class=\"id-4444 vcex-image-grid-entry span_1_of_4 col col-1\">\n\n                    <figure class=\"vcex-image-grid-entry-img\">\n\n                        \n                            \n                                 <img src=\"http:\/\/armazemdomercado.com\/wp-content\/uploads\/2014\/01\/nuum.png\" width=\"334\" height=\"334\" alt=\"Nuum\" \/>\n                            \n                        \n                        \n                    <\/figure>\n\n                <\/div><!--. vcex-image-grid-entry -->\n                \n                \n                <div class=\"id-4448 vcex-image-grid-entry span_1_of_4 col col-2\">\n\n                    <figure class=\"vcex-image-grid-entry-img\">\n\n                        \n                            \n                                 <img src=\"http:\/\/armazemdomercado.com\/wp-content\/uploads\/2014\/01\/Logo_MB.jpg\" width=\"2362\" height=\"930\" alt=\"Logo MB\" \/>\n                            \n                        \n                        \n                    <\/figure>\n\n                <\/div><!--. vcex-image-grid-entry -->\n                \n                \n                <div class=\"id-4449 vcex-image-grid-entry span_1_of_4 col col-3\">\n\n                    <figure class=\"vcex-image-grid-entry-img\">\n\n                        \n                            \n                                 <img src=\"http:\/\/armazemdomercado.com\/wp-content\/uploads\/2014\/01\/lillies.jpg\" width=\"895\" height=\"504\" alt=\"FOLHA_MAQUETE\" \/>\n                            \n                        \n                        \n                    <\/figure>\n\n                <\/div><!--. vcex-image-grid-entry -->\n                \n                \n                <div class=\"id-4450 vcex-image-grid-entry span_1_of_4 col col-4\">\n\n                    <figure class=\"vcex-image-grid-entry-img\">\n\n                        \n                            \n                                 <img src=\"http:\/\/armazemdomercado.com\/wp-content\/uploads\/2014\/01\/quasi.jpg\" width=\"759\" height=\"490\" alt=\"Quasi\" \/>\n                            \n                        \n                        \n                    <\/figure>\n\n                <\/div><!--. vcex-image-grid-entry -->\n                \n                \n        <\/div><!-- .vcex-image-grid -->\n\n        \n        \n        \n                   \n\n\n\t<\/div> \n                                                    <\/div><!-- .clr vc_row-fluid -->\n    <\/div><!-- .vc_row wpb_row -->\n\n\n<div class=\"vc_row wpb_row\">\n    <div class=\"clr vc_row-fluid\">\n                    \n\t<div class=\"vc_col-sm-12 wpb_column clr column_container  \"><div class=\"clr \" style=\"background-image:url(http:\/\/armazemdomercado.com\/wp-content\/uploads\/2014\/01\/quasi.jpg);\">\n\t\t\t\n\t<div class=\"wpb_text_column wpb_content_element \">\n\t\t<div class=\"wpb_wrapper\">\n\t\t\t\n\t\t<\/div> \n\t<\/div> <\/div>\n\t<\/div> \n                                                    <\/div><!-- .clr vc_row-fluid -->\n    <\/div><!-- .vc_row wpb_row -->\n\n\n","protected":false},"excerpt":{"rendered":"","protected":false},"author":1,"featured_media":0,"parent":839,"menu_order":0,"comment_status":"open","ping_status":"open","template":"","meta":[],"_links":{"self":[{"href":"http:\/\/armazemdomercado.com\/index.php?rest_route=\/wp\/v2\/pages\/2957"}],"collection":[{"href":"http:\/\/armazemdomercado.com\/index.php?rest_route=\/wp\/v2\/pages"}],"about":[{"href":"http:\/\/armazemdomercado.com\/index.php?rest_route=\/wp\/v2\/types\/page"}],"author":[{"embeddable":true,"href":"http:\/\/armazemdomercado.com\/index.php?rest_route=\/wp\/v2\/users\/1"}],"replies":[{"embeddable":true,"href":"http:\/\/armazemdomercado.com\/index.php?rest_route=%2Fwp%2Fv2%2Fcomments&post=2957"}],"version-history":[{"count":33,"href":"http:\/\/armazemdomercado.com\/index.php?rest_route=\/wp\/v2\/pages\/2957\/revisions"}],"predecessor-version":[{"id":4451,"href":"http:\/\/armazemdomercado.com\/index.php?rest_route=\/wp\/v2\/pages\/2957\/revisions\/4451"}],"up":[{"embeddable":true,"href":"http:\/\/armazemdomercado.com\/index.php?rest_route=\/wp\/v2\/pages\/839"}],"wp:attachment":[{"href":"http:\/\/armazemdomercado.com\/index.php?rest_route=%2Fwp%2Fv2%2Fmedia&parent=2957"}],"curies":[{"name":"wp","href":"https:\/\/api.w.org\/{rel}","templated":true}]}}