{"id":1346,"date":"2013-12-03T06:52:47","date_gmt":"2013-12-03T06:52:47","guid":{"rendered":"http:\/\/wpexplorer-demos.com\/?page_id=1346"},"modified":"2017-06-01T10:50:26","modified_gmt":"2017-06-01T10:50:26","slug":"contact-page","status":"publish","type":"page","link":"http:\/\/armazemdomercado.com\/?page_id=1346","title":{"rendered":"Entre em contacto connosco"},"content":{"rendered":"\n<div class=\"vc_row wpb_row\">\n    <div class=\"clr vc_row-fluid\" style=\"border-style:solid;padding-top:0px;padding-bottom:5px;\">\n                    \n\t<div class=\"vc_col-sm-12 wpb_column clr column_container  \">\n\t\t\t\n\t<div class=\"wpb_text_column wpb_content_element \">\n\t\t<div class=\"wpb_wrapper\">\n\t\t\t<p style=\"text-align: center;\"><span style=\"font-size: 24px;\">Entre contacto connosco<\/span><\/p>\n<p style=\"text-align: center;\">Tem um coment\u00e1rio ou necessita de alguma informa\u00e7\u00e3o? Envie-nos uma mensagem.<\/p>\n\n\t\t<\/div> \n\t<\/div> \n\t<\/div> \n                                                    <\/div><!-- .clr vc_row-fluid -->\n    <\/div><!-- .vc_row wpb_row -->\n\n\n<div class=\"vc_row wpb_row  light-form\">\n    <div class=\"clr vc_row-fluid  light-form compensate-vc-negative-margin\" style=\"background-color:#f7f7f7;border-color:#e4e4e4;border-style:solid;border-width:1px 0px 1px 0px;padding-top:45px;\">\n                    \n\t<div class=\"vc_col-sm-12 wpb_column clr column_container  \">\n\t\t\t<div role=\"form\" class=\"wpcf7\" id=\"wpcf7-f1335-o1\" lang=\"en-US\" dir=\"ltr\">\n<div class=\"screen-reader-response\"><\/div>\n<form action=\"\/index.php?rest_route=%2Fwp%2Fv2%2Fpages%2F1346#wpcf7-f1335-o1\" method=\"post\" class=\"wpcf7-form\" novalidate=\"novalidate\">\n<div style=\"display: none;\">\n<input type=\"hidden\" name=\"_wpcf7\" value=\"1335\" \/>\n<input type=\"hidden\" name=\"_wpcf7_version\" value=\"4.2.2\" \/>\n<input type=\"hidden\" name=\"_wpcf7_locale\" value=\"en_US\" \/>\n<input type=\"hidden\" name=\"_wpcf7_unit_tag\" value=\"wpcf7-f1335-o1\" \/>\n<input type=\"hidden\" name=\"_wpnonce\" value=\"486db1edfb\" \/>\n<\/div>\n<p class=\"one-half first\"><span class=\"wpcf7-form-control-wrap your-name\"><input type=\"text\" name=\"your-name\" value=\"Your Name\" size=\"40\" class=\"wpcf7-form-control wpcf7-text wpcf7-validates-as-required\" aria-required=\"true\" aria-invalid=\"false\" \/><\/span><\/p>\n<p class=\"one-half\"><span class=\"wpcf7-form-control-wrap your-email\"><input type=\"email\" name=\"your-email\" value=\"Your Email\" size=\"40\" class=\"wpcf7-form-control wpcf7-text wpcf7-email wpcf7-validates-as-required wpcf7-validates-as-email\" aria-required=\"true\" aria-invalid=\"false\" \/><\/span><\/p>\n<p><span class=\"wpcf7-form-control-wrap your-message\"><textarea name=\"your-message\" cols=\"40\" rows=\"10\" class=\"wpcf7-form-control wpcf7-textarea\" aria-invalid=\"false\"><\/textarea><\/span> <\/p>\n<p><input type=\"submit\" value=\"Submit Form\" class=\"wpcf7-form-control wpcf7-submit\" \/><\/p>\n<div class=\"wpcf7-response-output wpcf7-display-none\"><\/div><\/form><\/div>\n\t<\/div> \n                                                    <\/div><!-- .clr vc_row-fluid  light-form compensate-vc-negative-margin -->\n    <\/div><!-- .vc_row wpb_row  light-form -->\n\n\n<div class=\"vc_row wpb_row\">\n    <div class=\"clr vc_row-fluid\" style=\"border-style:solid;padding-top:50px;padding-bottom:10px;\">\n                    \n\t<div class=\"vc_col-sm-3 wpb_column clr column_container  \">\n\t\t\t\n\t<div class=\"wpb_text_column wpb_content_element \">\n\t\t<div class=\"wpb_wrapper\">\n\t\t\t<p style=\"text-align: center;\"><span style=\"font-size: 24px;\">Abertos de Segunda a Sabado<br \/>\n<\/span><\/p>\n<p style=\"text-align: center;\">Estamos abertos de 2\u00aa a Sabado das 10:00 at\u00e9 \u00e0s 19:00.<\/p>\n\n\t\t<\/div> \n\t<\/div> \n<div class=\"vcex-divider solid\" style=\"margin-bottom:15px;margin-top:15px;\">\n    <\/div><!-- .vcex-divider -->\n\t<div class=\"wpb_text_column wpb_content_element \">\n\t\t<div class=\"wpb_wrapper\">\n\t\t\t<p>Rua do Hospital Velho, N. 28 \u2013 9060-129<\/p>\n<p>Rua Latino Coleho, n. 39 \u2013 9060-156<br \/>\nFunchal, Madeira<\/p>\n\n\t\t<\/div> \n\t<\/div> \n<div class=\"vcex-divider solid\" style=\"margin-bottom:15px;margin-top:15px;\">\n    <\/div><!-- .vcex-divider -->\n<div class=\"vcex-list_item\">\n\n    \n        \n    <div class=\"vcex-icon-wrap\" style=\"color:#4a97c2;\"><span class=\"\"><\/span><\/div>\n<p>(351) 291 640 640<\/p>\n    \n    \n<\/div><!-- .vcex-list_item -->\n<div class=\"vcex-list_item\">\n\n    \n        \n    <div class=\"vcex-icon-wrap\" style=\"color:#4a97c2;\"><span class=\"\"><\/span><\/div>\n<p>info@armazemdomercado.com<\/p>\n    \n    \n<\/div><!-- .vcex-list_item -->\n\t<\/div> \n\n\t<div class=\"vc_col-sm-9 wpb_column clr column_container  \">\n\t\t\t<div class=\"wpb_gmaps_widget wpb_content_element\">\n\t<div class=\"wpb_wrapper\">\n\t<div class=\"wpb_map_wraper\">\n\t\t<iframe src=\"https:\/\/www.google.com\/maps\/d\/embed?mid=zwksfDm56sMQ.k5wW_NSOVyaU&hl=pt-PT\" width=\"640\" height=\"330\"><\/iframe>\t<\/div>\n\t<\/div>\t<\/div>\n\t<\/div> \n                                                    <\/div><!-- .clr vc_row-fluid -->\n    <\/div><!-- .vc_row wpb_row -->\n\n\n","protected":false},"excerpt":{"rendered":"Entre contacto connosco Tem um coment\u00e1rio ou necessita de alguma informa\u00e7\u00e3o? Envie-nos uma mensagem. Abertos de Segunda a Sabado Estamos abertos de 2\u00aa a Sabado das 10:00 at\u00e9 \u00e0s 19:00. Rua do Hospital Velho, N. 28 \u2013 9060-129 Rua Latino&hellip;","protected":false},"author":1,"featured_media":0,"parent":0,"menu_order":0,"comment_status":"closed","ping_status":"closed","template":"","meta":[],"_links":{"self":[{"href":"http:\/\/armazemdomercado.com\/index.php?rest_route=\/wp\/v2\/pages\/1346"}],"collection":[{"href":"http:\/\/armazemdomercado.com\/index.php?rest_route=\/wp\/v2\/pages"}],"about":[{"href":"http:\/\/armazemdomercado.com\/index.php?rest_route=\/wp\/v2\/types\/page"}],"author":[{"embeddable":true,"href":"http:\/\/armazemdomercado.com\/index.php?rest_route=\/wp\/v2\/users\/1"}],"replies":[{"embeddable":true,"href":"http:\/\/armazemdomercado.com\/index.php?rest_route=%2Fwp%2Fv2%2Fcomments&post=1346"}],"version-history":[{"count":10,"href":"http:\/\/armazemdomercado.com\/index.php?rest_route=\/wp\/v2\/pages\/1346\/revisions"}],"predecessor-version":[{"id":4432,"href":"http:\/\/armazemdomercado.com\/index.php?rest_route=\/wp\/v2\/pages\/1346\/revisions\/4432"}],"wp:attachment":[{"href":"http:\/\/armazemdomercado.com\/index.php?rest_route=%2Fwp%2Fv2%2Fmedia&parent=1346"}],"curies":[{"name":"wp","href":"https:\/\/api.w.org\/{rel}","templated":true}]}}